{"id":12,"date":"2014-09-18T15:24:03","date_gmt":"2014-09-18T14:24:03","guid":{"rendered":"https:\/\/www.christel-lefebvre-kine.be\/?page_id=12"},"modified":"2014-09-18T15:49:10","modified_gmt":"2014-09-18T14:49:10","slug":"techniques","status":"publish","type":"page","link":"https:\/\/www.christel-lefebvre-kine.be\/?page_id=12","title":{"rendered":"Techniques"},"content":{"rendered":"<p>En fonction de chaque cas particulier on utilisera soit des techniques de rel\u00e2chement, des techniques d&rsquo;\u00e9tirements ou de reprogrammation.<br \/>\nLe traitement et les techniques \u00e9volueront avec le patient.<br \/>\nCertaines techniques comme les techniques posturales de Madame M\u00e9zi\u00e8re pourront \u00eatre poursuivies \u00e0 domicile mais toutes n\u00e9cessiteront un apprentissage rigoureux.<\/p>\n","protected":false},"excerpt":{"rendered":"<p>En fonction de chaque cas particulier on utilisera soit des techniques de rel\u00e2chement, des techniques d&rsquo;\u00e9tirements ou de reprogrammation. Le traitement et les techniques \u00e9volueront avec le patient. Certaines techniques comme les techniques posturales de Madame M\u00e9zi\u00e8re pourront \u00eatre poursuivies \u00e0 domicile mais toutes n\u00e9cessiteront un apprentissage rigoureux.<\/p>\n","protected":false},"author":1,"featured_media":0,"parent":0,"menu_order":0,"comment_status":"closed","ping_status":"closed","template":"","meta":{"footnotes":""},"class_list":["post-12","page","type-page","status-publish","hentry"],"_links":{"self":[{"href":"https:\/\/www.christel-lefebvre-kine.be\/index.php?rest_route=\/wp\/v2\/pages\/12","targetHints":{"allow":["GET"]}}],"collection":[{"href":"https:\/\/www.christel-lefebvre-kine.be\/index.php?rest_route=\/wp\/v2\/pages"}],"about":[{"href":"https:\/\/www.christel-lefebvre-kine.be\/index.php?rest_route=\/wp\/v2\/types\/page"}],"author":[{"embeddable":true,"href":"https:\/\/www.christel-lefebvre-kine.be\/index.php?rest_route=\/wp\/v2\/users\/1"}],"replies":[{"embeddable":true,"href":"https:\/\/www.christel-lefebvre-kine.be\/index.php?rest_route=%2Fwp%2Fv2%2Fcomments&post=12"}],"version-history":[{"count":1,"href":"https:\/\/www.christel-lefebvre-kine.be\/index.php?rest_route=\/wp\/v2\/pages\/12\/revisions"}],"predecessor-version":[{"id":13,"href":"https:\/\/www.christel-lefebvre-kine.be\/index.php?rest_route=\/wp\/v2\/pages\/12\/revisions\/13"}],"wp:attachment":[{"href":"https:\/\/www.christel-lefebvre-kine.be\/index.php?rest_route=%2Fwp%2Fv2%2Fmedia&parent=12"}],"curies":[{"name":"wp","href":"https:\/\/api.w.org\/{rel}","templated":true}]}}