{"id":14,"date":"2014-09-18T15:34:37","date_gmt":"2014-09-18T14:34:37","guid":{"rendered":"https:\/\/www.christel-lefebvre-kine.be\/?page_id=14"},"modified":"2014-10-07T16:28:58","modified_gmt":"2014-10-07T15:28:58","slug":"traitement","status":"publish","type":"page","link":"https:\/\/www.christel-lefebvre-kine.be\/?page_id=14","title":{"rendered":"Traitement"},"content":{"rendered":"<p>Le traitement via la m\u00e9thode des cha\u00eenes musculaires repose sur un bilan.<br \/>\nCe bilan reprendra pour chaque patient :<\/p>\n<ul>\n<li>des informations sur ses ant\u00e9c\u00e9dents m\u00e9dicaux, chirurgicaux, traumatiques&#8230;<\/li>\n<li>des informations sur sa posture que l&rsquo;on examinera de dos, de face et de profil.<\/li>\n<li>des informations sur les zones de tensions musculaires, tissulaires ou articulaires responsables d&rsquo;un d\u00e9ficit de mobilit\u00e9 sur une ou plusieurs parties du corps.<\/li>\n<li>des informations sur les diff\u00e9rents capteurs posturaux<\/li>\n<\/ul>\n<p>Sur base de ce bilan, le kin\u00e9sith\u00e9rapeute d\u00e9terminera une strat\u00e9gie de traitement.<br \/>\nAinsi donc pour un m\u00eame sympt\u00f4me (par exemple des douleurs lombaires) chaque patient sera trait\u00e9 diff\u00e9remment.<\/p>\n","protected":false},"excerpt":{"rendered":"<p>Le traitement via la m\u00e9thode des cha\u00eenes musculaires repose sur un bilan. Ce bilan reprendra pour chaque patient : des informations sur ses ant\u00e9c\u00e9dents m\u00e9dicaux, chirurgicaux, traumatiques&#8230; des informations sur sa posture que l&rsquo;on examinera de dos, de face et de profil. des informations sur les zones de tensions musculaires, tissulaires ou articulaires responsables d&rsquo;un [&hellip;]<\/p>\n","protected":false},"author":1,"featured_media":0,"parent":0,"menu_order":0,"comment_status":"closed","ping_status":"closed","template":"","meta":{"footnotes":""},"class_list":["post-14","page","type-page","status-publish","hentry"],"_links":{"self":[{"href":"https:\/\/www.christel-lefebvre-kine.be\/index.php?rest_route=\/wp\/v2\/pages\/14","targetHints":{"allow":["GET"]}}],"collection":[{"href":"https:\/\/www.christel-lefebvre-kine.be\/index.php?rest_route=\/wp\/v2\/pages"}],"about":[{"href":"https:\/\/www.christel-lefebvre-kine.be\/index.php?rest_route=\/wp\/v2\/types\/page"}],"author":[{"embeddable":true,"href":"https:\/\/www.christel-lefebvre-kine.be\/index.php?rest_route=\/wp\/v2\/users\/1"}],"replies":[{"embeddable":true,"href":"https:\/\/www.christel-lefebvre-kine.be\/index.php?rest_route=%2Fwp%2Fv2%2Fcomments&post=14"}],"version-history":[{"count":2,"href":"https:\/\/www.christel-lefebvre-kine.be\/index.php?rest_route=\/wp\/v2\/pages\/14\/revisions"}],"predecessor-version":[{"id":39,"href":"https:\/\/www.christel-lefebvre-kine.be\/index.php?rest_route=\/wp\/v2\/pages\/14\/revisions\/39"}],"wp:attachment":[{"href":"https:\/\/www.christel-lefebvre-kine.be\/index.php?rest_route=%2Fwp%2Fv2%2Fmedia&parent=14"}],"curies":[{"name":"wp","href":"https:\/\/api.w.org\/{rel}","templated":true}]}}