{"id":8,"date":"2014-09-18T15:23:13","date_gmt":"2014-09-18T14:23:13","guid":{"rendered":"https:\/\/www.christel-lefebvre-kine.be\/?page_id=8"},"modified":"2014-10-07T16:27:43","modified_gmt":"2014-10-07T15:27:43","slug":"methode","status":"publish","type":"page","link":"https:\/\/www.christel-lefebvre-kine.be\/?page_id=8","title":{"rendered":"M\u00e9thode"},"content":{"rendered":"<p>H\u00e9rit\u00e9e de la m\u00e9thode Mezi\u00e8re, la m\u00e9thode des cha\u00eenes musculaires est une approche globale visant \u00e0 traiter les douleurs articulaires et musculaires en utilisant les cha\u00eenes physiologiques.<br \/>\nLes cha\u00eenes physiologiques sont des circuits anatomiques traversant le corps ce qui n\u00e9cessite d&rsquo;int\u00e9grer toute l&rsquo;anatomie du patient de la t\u00eate aux pieds.<br \/>\nOn en d\u00e9nombre 7 :<\/p>\n<ul>\n<li>la cha\u00eene musculo-squelettique<\/li>\n<li>la cha\u00eene de flexion<\/li>\n<li>la cha\u00eene d&rsquo;extension<\/li>\n<li>la cha\u00eene crois\u00e9e d&rsquo;ouverture<\/li>\n<li>la cha\u00eene crois\u00e9e de fermeture<\/li>\n<li>la cha\u00eene neurovasculaire<\/li>\n<li>la cha\u00eene visc\u00e9rale<\/li>\n<\/ul>\n<p>La posturologie est l&rsquo;\u00e9tude de l&rsquo;ensemble des \u00e9l\u00e9ments permettant \u00e0 un individu de se tenir debout dans l&rsquo;espace.<br \/>\nL&rsquo;\u00e9quilibre debout passe notamment par l&rsquo;utilisation d&rsquo;informations transmises au corps par un certains nombre de capteurs :<\/p>\n<ul>\n<li>les capteurs podaux<\/li>\n<li>les capteurs mandibulaires<\/li>\n<li>les capteurs visuels<\/li>\n<li>les capteurs proprioceptifs articulaires<\/li>\n<li>les capteurs cutan\u00e9s<\/li>\n<li>les capteurs vestibulaires<\/li>\n<\/ul>\n<p>Un trouble postural surviendra lorsque un ou plusieurs de ces capteurs est d\u00e9ficient.<br \/>\nCes d\u00e9ficiences peuvent survenir suite \u00e0 une mauvaise posture au travail par exemple ou suite \u00e0 un traumatisme.<\/p>\n","protected":false},"excerpt":{"rendered":"<p>H\u00e9rit\u00e9e de la m\u00e9thode Mezi\u00e8re, la m\u00e9thode des cha\u00eenes musculaires est une approche globale visant \u00e0 traiter les douleurs articulaires et musculaires en utilisant les cha\u00eenes physiologiques. Les cha\u00eenes physiologiques sont des circuits anatomiques traversant le corps ce qui n\u00e9cessite d&rsquo;int\u00e9grer toute l&rsquo;anatomie du patient de la t\u00eate aux pieds. On en d\u00e9nombre 7 : [&hellip;]<\/p>\n","protected":false},"author":1,"featured_media":0,"parent":0,"menu_order":0,"comment_status":"closed","ping_status":"closed","template":"","meta":{"footnotes":""},"class_list":["post-8","page","type-page","status-publish","hentry"],"_links":{"self":[{"href":"https:\/\/www.christel-lefebvre-kine.be\/index.php?rest_route=\/wp\/v2\/pages\/8","targetHints":{"allow":["GET"]}}],"collection":[{"href":"https:\/\/www.christel-lefebvre-kine.be\/index.php?rest_route=\/wp\/v2\/pages"}],"about":[{"href":"https:\/\/www.christel-lefebvre-kine.be\/index.php?rest_route=\/wp\/v2\/types\/page"}],"author":[{"embeddable":true,"href":"https:\/\/www.christel-lefebvre-kine.be\/index.php?rest_route=\/wp\/v2\/users\/1"}],"replies":[{"embeddable":true,"href":"https:\/\/www.christel-lefebvre-kine.be\/index.php?rest_route=%2Fwp%2Fv2%2Fcomments&post=8"}],"version-history":[{"count":5,"href":"https:\/\/www.christel-lefebvre-kine.be\/index.php?rest_route=\/wp\/v2\/pages\/8\/revisions"}],"predecessor-version":[{"id":38,"href":"https:\/\/www.christel-lefebvre-kine.be\/index.php?rest_route=\/wp\/v2\/pages\/8\/revisions\/38"}],"wp:attachment":[{"href":"https:\/\/www.christel-lefebvre-kine.be\/index.php?rest_route=%2Fwp%2Fv2%2Fmedia&parent=8"}],"curies":[{"name":"wp","href":"https:\/\/api.w.org\/{rel}","templated":true}]}}