{"id":84,"date":"2020-04-08T11:12:20","date_gmt":"2020-04-08T10:12:20","guid":{"rendered":"https:\/\/www.christel-lefebvre-kine.be\/?page_id=84"},"modified":"2020-04-08T11:24:20","modified_gmt":"2020-04-08T10:24:20","slug":"mentions-legales","status":"publish","type":"page","link":"https:\/\/www.christel-lefebvre-kine.be\/?page_id=84","title":{"rendered":"Mentions l\u00e9gales"},"content":{"rendered":"<h2>Charte du site et politique de gestion des donn\u00e9es<\/h2>\n<p>Date de publication: 8 avril 2020<\/p>\n<p>La pr\u00e9sente charte d&rsquo;utilisation d\u00e9finit la mani\u00e8re dont Christel Lefebvre g\u00e8re le site en g\u00e9n\u00e9ral, et utilise et prot\u00e8ge les informations en particulier. Elle s&rsquo;applique au site \u00ab\u00a0christel-lefebvre-kine.be\u00a0\u00bb.<\/p>\n<p>Veuillez noter que cette charte d&rsquo;utilisation est susceptible d\u2019\u00eatre modifi\u00e9e ou compl\u00e9t\u00e9e \u00e0 tout moment par Christel Lefebvre, notamment en vue de se conformer \u00e0 toute \u00e9volution l\u00e9gislative, r\u00e9glementaire, jurisprudentielle ou technologique. Dans un tel cas, la date de sa mise \u00e0 jour sera clairement identifi\u00e9e en t\u00eate de la pr\u00e9sente charte. Ces modifications engagent l\u2019Utilisateur d\u00e8s leur mise en ligne. Il convient par cons\u00e9quent que l\u2019Utilisateur consulte r\u00e9guli\u00e8rement la charte d&rsquo;utilisation du site afin de prendre connaissance de ses \u00e9ventuelles modifications.<\/p>\n<h3>Vos donn\u00e9es personnelles<\/h3>\n<p>D&rsquo;une mani\u00e8re g\u00e9n\u00e9rale, Vous pouvez visiter le site \u00ab\u00a0christel-lefebvre-kine.be\u00a0\u00bb sans communiquer la moindre information personnelle vous concernant.<\/p>\n<p>Notre r\u00e8gle fondamentale est de ne collecter ces informations que lorsqu&rsquo;elles sont n\u00e9cessaires. fournissez des informations personnelles, nous ne les utilisons que dans le contexte o\u00f9 vous nous les avez fournies.<\/p>\n<p>Notez que les informations personnelles sont celles qui permettent de vous identifier personnellement, directement ou indirectement, comme le nom, l&rsquo;adresse \u00e9lectronique, etc.<\/p>\n<h3>Identit\u00e9 du responsable de l&rsquo;information<\/h3>\n<p>Christel Lefebvre &#8211; Kin\u00e9sith\u00e9rapeute<br \/>\nNum\u00e9ro INAMI: &#8230;<br \/>\n+32 496 65 96 86<br \/>\nchristel.lefebvre.kine@gmail.com<\/p>\n<h3>H\u00e9bergement<\/h3>\n<p>H\u00e9bergement : OVH \u2013 SAS au capital de 500 k\u20ac<br \/>\nRCS Roubaix \u2013 Tourcoing 424 761 419 00011<br \/>\nSi\u00e8ge social : 140 Quai du Sartel 59100 Roubaix \u2013 France<\/p>\n<h3>Collecte, stockage et utilisation des donn\u00e9es personnelles<\/h3>\n<p>Le tableau suivant d\u00e9crit quelles sont les informations collect\u00e9es dans diff\u00e9rents sc\u00e9narios d&rsquo;utilisation du site et l&rsquo;utilisation qui en est faite.<\/p>\n<table class=\"generic aligntop\">\n<tbody>\n<tr class=\"titre\">\n<td width=\"20%\">Contexte<\/td>\n<td width=\"20%\">Donn\u00e9es concern\u00e9es<\/td>\n<td width=\"60%\">Utilisation des donn\u00e9es<\/td>\n<\/tr>\n<tr>\n<td>Navigation sur le site<\/td>\n<td>Cookies de navigation<\/td>\n<td>Un cookie est un petit texte, associ\u00e9 au site \u00ab\u00a0christel-lefebvre-kine.be\u00a0\u00bb, que votre navigateur internet stocke et restitue au site \u00ab\u00a0christel-lefebvre-kine.be\u00a0\u00bb \u00e0 chaque fois que vous visitez une page du site. Le site \u00ab\u00a0christel-lefebvre-kine.be\u00a0\u00bb utilise la forme la plus basique de cookie, que l&rsquo;on appelle un cookie de navigation, non pas pour collecter des informations personnelles, mais \u00e0 des fins techniques pour vous fournir une exp\u00e9rience de navigation coh\u00e9rente. Le site \u00ab\u00a0christel-lefebvre-kine.be\u00a0\u00bb affiche une banni\u00e8re d&rsquo;avertissement \u00e0 tout nouveau visiteur pour indiquer la pr\u00e9sence de cookies de navigation. La plupart des navigateurs permettent de bloquer l&rsquo;utilisation des cookies, mais sachez que dans ce cas, Votre exp\u00e9rience de navigation risque d&rsquo;\u00eatre alt\u00e9r\u00e9e pour certaines fonctionnalit\u00e9s du site.<\/td>\n<\/tr>\n<tr>\n<td>Remplir le formulaire de contact<\/td>\n<td>Nom, adresse e-mail, sujet, message<\/td>\n<td>Votre adresse e-mail nous permet de vous contacter \u00e0 propos de votre message et de vous r\u00e9pondre. Nous n&rsquo;utilisons votre adresse e-mail pour aucun autre motif, et ne la partage avec aucune tierce partie. Aucune donn\u00e9e n&rsquo;est sauvegard\u00e9e sur le site lors du remplissage du formulaire de contact &#8211; seul un e-mail est envoy\u00e9 \u00e0 christel.lefebvre.kine@gmail.com<\/td>\n<\/tr>\n<\/tbody>\n<\/table>\n<h3>Tierces parties<\/h3>\n<p>\u00ab\u00a0christel-lefebvre-kine.be\u00a0\u00bb s&rsquo;engage \u00e0 ne jamais partager vos donn\u00e9es personnelles avec des tierces parties, tant que ce partage n&rsquo;est pas n\u00e9cessaire \u00e0 l&rsquo;ex\u00e9cution des services rendus. La liste suivante reprend les tierces parties pouvant \u00eatre impliqu\u00e9es dans le partage de certaines donn\u00e9es personnelles:<\/p>\n<table class=\"generic aligntop\">\n<tbody>\n<tr class=\"titre\">\n<td width=\"20%\">Soci\u00e9t\u00e9<\/td>\n<td width=\"20%\">Donn\u00e9es concern\u00e9es<\/td>\n<td width=\"60%\">Utilisation des donn\u00e9es<\/td>\n<\/tr>\n<tr>\n<td>OVH<\/td>\n<td>H\u00e9bergement du site \u00ab\u00a0christel-lefebvre-kine.be\u00a0\u00bb et de ses bases de donn\u00e9es<\/td>\n<td>Le site \u00ab\u00a0christel-lefebvre-kine.be\u00a0\u00bb est h\u00e9berg\u00e9 sur les serveurs de la soci\u00e9t\u00e9 OVH. OVH est une soci\u00e9t\u00e9 fran\u00e7aise, parmi les leaders mondiaux de l&rsquo;h\u00e9bergement Internet. OVH n&rsquo;intervient pas dans le business de \u00ab\u00a0christel-lefebvre-kine.be\u00a0\u00bb, mais les serveurs d&rsquo;h\u00e9bergement peuvent toutefois recueillir des statistiques d&rsquo;utilisation techniques \u00e0 des fins de gestion de l&rsquo;infrastructure informatique.<\/td>\n<\/tr>\n<tr>\n<td>Google (Analytics)<\/td>\n<td>Suivi des pages consult\u00e9es sur le site et de diverses caract\u00e9ristiques de la navigation<\/td>\n<td>Pour assurer le d\u00e9veloppement du site \u00ab\u00a0christel-lefebvre-kine.be\u00a0\u00bb, il est n\u00e9cessaire de comprendre comment celui-ci est utilis\u00e9 par les visiteurs. Un gestionnaire de site utilise toujours un outil de suivi des consultations pour comprendre comment le site est utilis\u00e9. Le tableau de bord que Nous utilisons ne permet pas d&rsquo;identifier les visiteurs individuels, il ne fournit que des informations agr\u00e9g\u00e9es, par exemple \u00e0 propos des pages consult\u00e9es, des heures de consultation, des zones g\u00e9ographiques, des navigateurs et syst\u00e8mes d&rsquo;exploitation utilis\u00e9s etc.<\/td>\n<\/tr>\n<\/tbody>\n<\/table>\n<h3>Propri\u00e9t\u00e9 intellectuelle<\/h3>\n<p>L&rsquo;ensemble du contenu du site est la propri\u00e9t\u00e9 intellectuelle de \u00ab\u00a0christel-lefebvre-kine.be\u00a0\u00bb ou, lors-qu\u2019indiqu\u00e9 autrement, la propri\u00e9t\u00e9 intellectuelle d&rsquo;un Tiers. Vous ne pouvez en aucun cas utiliser, reproduire, exploiter de quelconque partie de ce site sans l&rsquo;accord \u00e9crit de Christel Lefebvre.<\/p>\n<h3>Limitation de responsabilit\u00e9<\/h3>\n<p>Le site \u00ab\u00a0christel-lefebvre-kine.be\u00a0\u00bb ne saurait \u00eatre tenu pour responsable des erreurs rencontr\u00e9es sur le site, probl\u00e8mes techniques, interpr\u00e9tation des informations publi\u00e9e et cons\u00e9quences de leur utilisation. En cons\u00e9quence, l\u2019utilisateur reconna\u00eet utiliser ces informations sous sa responsabilit\u00e9 exclusive.<\/p>\n","protected":false},"excerpt":{"rendered":"<p>Charte du site et politique de gestion des donn\u00e9es Date de publication: 8 avril 2020 La pr\u00e9sente charte d&rsquo;utilisation d\u00e9finit la mani\u00e8re dont Christel Lefebvre g\u00e8re le site en g\u00e9n\u00e9ral, et utilise et prot\u00e8ge les informations en particulier. Elle s&rsquo;applique au site \u00ab\u00a0christel-lefebvre-kine.be\u00a0\u00bb. Veuillez noter que cette charte d&rsquo;utilisation est susceptible d\u2019\u00eatre modifi\u00e9e ou compl\u00e9t\u00e9e [&hellip;]<\/p>\n","protected":false},"author":1,"featured_media":0,"parent":0,"menu_order":0,"comment_status":"closed","ping_status":"closed","template":"","meta":{"footnotes":""},"class_list":["post-84","page","type-page","status-publish","hentry"],"_links":{"self":[{"href":"https:\/\/www.christel-lefebvre-kine.be\/index.php?rest_route=\/wp\/v2\/pages\/84","targetHints":{"allow":["GET"]}}],"collection":[{"href":"https:\/\/www.christel-lefebvre-kine.be\/index.php?rest_route=\/wp\/v2\/pages"}],"about":[{"href":"https:\/\/www.christel-lefebvre-kine.be\/index.php?rest_route=\/wp\/v2\/types\/page"}],"author":[{"embeddable":true,"href":"https:\/\/www.christel-lefebvre-kine.be\/index.php?rest_route=\/wp\/v2\/users\/1"}],"replies":[{"embeddable":true,"href":"https:\/\/www.christel-lefebvre-kine.be\/index.php?rest_route=%2Fwp%2Fv2%2Fcomments&post=84"}],"version-history":[{"count":6,"href":"https:\/\/www.christel-lefebvre-kine.be\/index.php?rest_route=\/wp\/v2\/pages\/84\/revisions"}],"predecessor-version":[{"id":90,"href":"https:\/\/www.christel-lefebvre-kine.be\/index.php?rest_route=\/wp\/v2\/pages\/84\/revisions\/90"}],"wp:attachment":[{"href":"https:\/\/www.christel-lefebvre-kine.be\/index.php?rest_route=%2Fwp%2Fv2%2Fmedia&parent=84"}],"curies":[{"name":"wp","href":"https:\/\/api.w.org\/{rel}","templated":true}]}}